{"id":90,"date":"2021-12-30T16:04:38","date_gmt":"2021-12-30T13:04:38","guid":{"rendered":"http:\/\/192.168.1.131\/akdas\/?page_id=90"},"modified":"2024-09-20T14:27:01","modified_gmt":"2024-09-20T11:27:01","slug":"history","status":"publish","type":"page","link":"https:\/\/akdasoutdoor.com\/en\/corporate\/history\/","title":{"rendered":"History"},"content":{"rendered":"<p><img loading=\"lazy\" decoding=\"async\" class=\"alignnone size-full wp-image-92\" style=\"float: left; margin-right: 15px;\" src=\"https:\/\/akdasoutdoor.com\/wp-content\/uploads\/2021\/12\/akdas-tarihce-1.jpg\" alt=\"\" width=\"200\" height=\"203\" \/><\/p>\n<p>\u00d6mer Akda\u015f from Hu\u011flu is the founder of Akda\u015f Arms who started working in gun-making business in 1948 with a few of the best Turkish gunsmiths of the time. After a while, he designed his first single barrel shotgun and in the following years began to run his own gun workshop. Thereafter, he became well-known for his skills and was the gun-maker beloved by many hunters. \u00d6mer Akda\u015f was the one ever to manufacture the very first side-by-side shotgun in Turkey.<\/p>\n<p>Sad\u0131k Akda\u015f, his son, joined his father in 1975. Having learned any nuance of guns from his father, he has been repairing and maintaining all kinds of domestic and foreign made guns since the age of 13. He is the first Turkish gunsmith ever to produce an inertia operated semi-automatic shotgun with the help his father. In 2004, he designed and produced the first and unique English style side-lock over-and-under and side-by-side shotguns, which have been made in Turkey so far. Throughout his career, he has been regarded by hunters\/shooters and is the only Turkish gunsmith to service high-end shotguns from all over the world.<\/p>\n<p>&nbsp;<\/p>\n<p><img decoding=\"async\" style=\"float: right; margin-left: 15px;\" src=\"https:\/\/akdasoutdoor.com\/wp-content\/uploads\/2021\/12\/akdas-tarihce-2.jpg\" \/><\/p>\n<p>Selim Akda\u015f joined his brother Sad\u0131k in 1987 and the conversion from old-school workshop to modern factory started. So far, Akda\u015f Arms has worked with some of world-famous shotgun manufacturing companies and proven its quality over and over. Thanks to the rich machine park, Akdas also produces high quality spare parts for industries like automotive and machinery since 2013. In addition, Akdas is a proud supplier for defense industry for more than 20 years.<\/p>\n<p>Nowadays, Akda\u015f Outdoor is doing his best to welcome foreign hunters into Turkish Shotgun World.<\/p>\n<p>With an experience over half a century, there is no doubt that Akda\u015f Arms handles it properly.<\/p>\n","protected":false},"excerpt":{"rendered":"<p>\u00d6mer Akda\u015f from Hu\u011flu is the founder of Akda\u015f Arms who started working in gun-making business in 1948 with a few of the best Turkish gunsmiths of the time. After a while, he designed his first single barrel shotgun and in the following years began to run his own gun workshop. Thereafter, he became well-known [&hellip;]<\/p>\n","protected":false},"author":1,"featured_media":0,"parent":207,"menu_order":5,"comment_status":"closed","ping_status":"closed","template":"","meta":{"inline_featured_image":false,"footnotes":""},"class_list":["post-90","page","type-page","status-publish","hentry"],"_links":{"self":[{"href":"https:\/\/akdasoutdoor.com\/en\/wp-json\/wp\/v2\/pages\/90","targetHints":{"allow":["GET"]}}],"collection":[{"href":"https:\/\/akdasoutdoor.com\/en\/wp-json\/wp\/v2\/pages"}],"about":[{"href":"https:\/\/akdasoutdoor.com\/en\/wp-json\/wp\/v2\/types\/page"}],"author":[{"embeddable":true,"href":"https:\/\/akdasoutdoor.com\/en\/wp-json\/wp\/v2\/users\/1"}],"replies":[{"embeddable":true,"href":"https:\/\/akdasoutdoor.com\/en\/wp-json\/wp\/v2\/comments?post=90"}],"version-history":[{"count":12,"href":"https:\/\/akdasoutdoor.com\/en\/wp-json\/wp\/v2\/pages\/90\/revisions"}],"predecessor-version":[{"id":1760,"href":"https:\/\/akdasoutdoor.com\/en\/wp-json\/wp\/v2\/pages\/90\/revisions\/1760"}],"up":[{"embeddable":true,"href":"https:\/\/akdasoutdoor.com\/en\/wp-json\/wp\/v2\/pages\/207"}],"wp:attachment":[{"href":"https:\/\/akdasoutdoor.com\/en\/wp-json\/wp\/v2\/media?parent=90"}],"curies":[{"name":"wp","href":"https:\/\/api.w.org\/{rel}","templated":true}]}}